{"id":3115,"date":"2020-05-27T21:59:07","date_gmt":"2020-05-27T20:59:07","guid":{"rendered":"https:\/\/www.bestwestern-marseille-aeroport.com\/boissons\/"},"modified":"2026-04-11T11:23:18","modified_gmt":"2026-04-11T10:23:18","slug":"drinks","status":"publish","type":"page","link":"https:\/\/www.bestwestern-marseille-aeroport.com\/en\/drinks\/","title":{"rendered":"Drinks"},"content":{"rendered":"<div class=\"fusion-fullwidth fullwidth-box fusion-builder-row-1 nonhundred-percent-fullwidth non-hundred-percent-height-scrolling\" style=\"--awb-border-radius-top-left:0px;--awb-border-radius-top-right:0px;--awb-border-radius-bottom-right:0px;--awb-border-radius-bottom-left:0px;--awb-flex-wrap:wrap;\" ><div class=\"fusion-builder-row fusion-row\"><div class=\"fusion-layout-column fusion_builder_column fusion-builder-column-0 fusion_builder_column_1_1 1_1 fusion-one-full fusion-column-first fusion-column-last\" style=\"--awb-bg-size:cover;\"><div class=\"fusion-column-wrapper fusion-column-has-shadow fusion-flex-column-wrapper-legacy\"><div class=\"fusion-image-element in-legacy-container\" style=\"--awb-caption-title-font-family:var(--h2_typography-font-family);--awb-caption-title-font-weight:var(--h2_typography-font-weight);--awb-caption-title-font-style:var(--h2_typography-font-style);--awb-caption-title-size:var(--h2_typography-font-size);--awb-caption-title-transform:var(--h2_typography-text-transform);--awb-caption-title-line-height:var(--h2_typography-line-height);--awb-caption-title-letter-spacing:var(--h2_typography-letter-spacing);\"><span class=\" fusion-imageframe imageframe-none imageframe-1 hover-type-none\"><img decoding=\"async\" width=\"986\" height=\"1024\" title=\"vin1\" src=\"https:\/\/www.bestwestern-marseille-aeroport.com\/wp-content\/uploads\/2026\/04\/vin1-986x1024.jpg\" alt class=\"img-responsive wp-image-5085\" srcset=\"https:\/\/www.bestwestern-marseille-aeroport.com\/wp-content\/uploads\/2026\/04\/vin1-200x208.jpg 200w, https:\/\/www.bestwestern-marseille-aeroport.com\/wp-content\/uploads\/2026\/04\/vin1-400x415.jpg 400w, https:\/\/www.bestwestern-marseille-aeroport.com\/wp-content\/uploads\/2026\/04\/vin1-600x623.jpg 600w, https:\/\/www.bestwestern-marseille-aeroport.com\/wp-content\/uploads\/2026\/04\/vin1-800x830.jpg 800w, https:\/\/www.bestwestern-marseille-aeroport.com\/wp-content\/uploads\/2026\/04\/vin1-1200x1246.jpg 1200w\" sizes=\"(max-width: 1105px) 100vw, 1200px\" \/><\/span><\/div><div class=\"fusion-image-element in-legacy-container\" style=\"--awb-caption-title-font-family:var(--h2_typography-font-family);--awb-caption-title-font-weight:var(--h2_typography-font-weight);--awb-caption-title-font-style:var(--h2_typography-font-style);--awb-caption-title-size:var(--h2_typography-font-size);--awb-caption-title-transform:var(--h2_typography-text-transform);--awb-caption-title-line-height:var(--h2_typography-line-height);--awb-caption-title-letter-spacing:var(--h2_typography-letter-spacing);\"><span class=\" fusion-imageframe imageframe-none imageframe-2 hover-type-none\"><img decoding=\"async\" width=\"1024\" height=\"1009\" title=\"vin2\" src=\"https:\/\/www.bestwestern-marseille-aeroport.com\/wp-content\/uploads\/2026\/04\/vin2-1024x1009.jpg\" alt class=\"img-responsive wp-image-5073\" srcset=\"https:\/\/www.bestwestern-marseille-aeroport.com\/wp-content\/uploads\/2026\/04\/vin2-200x197.jpg 200w, https:\/\/www.bestwestern-marseille-aeroport.com\/wp-content\/uploads\/2026\/04\/vin2-400x394.jpg 400w, https:\/\/www.bestwestern-marseille-aeroport.com\/wp-content\/uploads\/2026\/04\/vin2-600x591.jpg 600w, https:\/\/www.bestwestern-marseille-aeroport.com\/wp-content\/uploads\/2026\/04\/vin2-800x788.jpg 800w, https:\/\/www.bestwestern-marseille-aeroport.com\/wp-content\/uploads\/2026\/04\/vin2-1200x1182.jpg 1200w\" sizes=\"(max-width: 1105px) 100vw, 1200px\" \/><\/span><\/div><div class=\"fusion-image-element in-legacy-container\" style=\"--awb-caption-title-font-family:var(--h2_typography-font-family);--awb-caption-title-font-weight:var(--h2_typography-font-weight);--awb-caption-title-font-style:var(--h2_typography-font-style);--awb-caption-title-size:var(--h2_typography-font-size);--awb-caption-title-transform:var(--h2_typography-text-transform);--awb-caption-title-line-height:var(--h2_typography-line-height);--awb-caption-title-letter-spacing:var(--h2_typography-letter-spacing);\"><span class=\" fusion-imageframe imageframe-none imageframe-3 hover-type-none\"><img decoding=\"async\" width=\"1024\" height=\"1003\" title=\"vin3\" src=\"https:\/\/www.bestwestern-marseille-aeroport.com\/wp-content\/uploads\/2026\/04\/vin3-1024x1003.jpg\" alt class=\"img-responsive wp-image-5077\" srcset=\"https:\/\/www.bestwestern-marseille-aeroport.com\/wp-content\/uploads\/2026\/04\/vin3-200x196.jpg 200w, https:\/\/www.bestwestern-marseille-aeroport.com\/wp-content\/uploads\/2026\/04\/vin3-400x392.jpg 400w, https:\/\/www.bestwestern-marseille-aeroport.com\/wp-content\/uploads\/2026\/04\/vin3-600x588.jpg 600w, https:\/\/www.bestwestern-marseille-aeroport.com\/wp-content\/uploads\/2026\/04\/vin3-800x784.jpg 800w, https:\/\/www.bestwestern-marseille-aeroport.com\/wp-content\/uploads\/2026\/04\/vin3-1200x1176.jpg 1200w\" sizes=\"(max-width: 1105px) 100vw, 1200px\" \/><\/span><\/div><div class=\"fusion-image-element in-legacy-container\" style=\"--awb-caption-title-font-family:var(--h2_typography-font-family);--awb-caption-title-font-weight:var(--h2_typography-font-weight);--awb-caption-title-font-style:var(--h2_typography-font-style);--awb-caption-title-size:var(--h2_typography-font-size);--awb-caption-title-transform:var(--h2_typography-text-transform);--awb-caption-title-line-height:var(--h2_typography-line-height);--awb-caption-title-letter-spacing:var(--h2_typography-letter-spacing);\"><span class=\" fusion-imageframe imageframe-none imageframe-4 hover-type-none\"><img decoding=\"async\" width=\"1024\" height=\"1005\" title=\"vin4\" src=\"https:\/\/www.bestwestern-marseille-aeroport.com\/wp-content\/uploads\/2026\/04\/vin4-1024x1005.jpg\" alt class=\"img-responsive wp-image-5079\" srcset=\"https:\/\/www.bestwestern-marseille-aeroport.com\/wp-content\/uploads\/2026\/04\/vin4-200x196.jpg 200w, https:\/\/www.bestwestern-marseille-aeroport.com\/wp-content\/uploads\/2026\/04\/vin4-400x392.jpg 400w, https:\/\/www.bestwestern-marseille-aeroport.com\/wp-content\/uploads\/2026\/04\/vin4-600x589.jpg 600w, https:\/\/www.bestwestern-marseille-aeroport.com\/wp-content\/uploads\/2026\/04\/vin4-800x785.jpg 800w, https:\/\/www.bestwestern-marseille-aeroport.com\/wp-content\/uploads\/2026\/04\/vin4-1200x1177.jpg 1200w\" sizes=\"(max-width: 1105px) 100vw, 1200px\" \/><\/span><\/div><div class=\"fusion-image-element in-legacy-container\" style=\"--awb-caption-title-font-family:var(--h2_typography-font-family);--awb-caption-title-font-weight:var(--h2_typography-font-weight);--awb-caption-title-font-style:var(--h2_typography-font-style);--awb-caption-title-size:var(--h2_typography-font-size);--awb-caption-title-transform:var(--h2_typography-text-transform);--awb-caption-title-line-height:var(--h2_typography-line-height);--awb-caption-title-letter-spacing:var(--h2_typography-letter-spacing);\"><span class=\" fusion-imageframe imageframe-none imageframe-5 hover-type-none\"><img decoding=\"async\" width=\"1024\" height=\"1009\" title=\"vin5\" src=\"https:\/\/www.bestwestern-marseille-aeroport.com\/wp-content\/uploads\/2026\/04\/vin5-1024x1009.jpg\" alt class=\"img-responsive wp-image-5081\" srcset=\"https:\/\/www.bestwestern-marseille-aeroport.com\/wp-content\/uploads\/2026\/04\/vin5-200x197.jpg 200w, https:\/\/www.bestwestern-marseille-aeroport.com\/wp-content\/uploads\/2026\/04\/vin5-400x394.jpg 400w, https:\/\/www.bestwestern-marseille-aeroport.com\/wp-content\/uploads\/2026\/04\/vin5-600x591.jpg 600w, https:\/\/www.bestwestern-marseille-aeroport.com\/wp-content\/uploads\/2026\/04\/vin5-800x788.jpg 800w, https:\/\/www.bestwestern-marseille-aeroport.com\/wp-content\/uploads\/2026\/04\/vin5-1200x1182.jpg 1200w\" sizes=\"(max-width: 1105px) 100vw, 1200px\" \/><\/span><\/div><div class=\"fusion-image-element in-legacy-container\" style=\"--awb-caption-title-font-family:var(--h2_typography-font-family);--awb-caption-title-font-weight:var(--h2_typography-font-weight);--awb-caption-title-font-style:var(--h2_typography-font-style);--awb-caption-title-size:var(--h2_typography-font-size);--awb-caption-title-transform:var(--h2_typography-text-transform);--awb-caption-title-line-height:var(--h2_typography-line-height);--awb-caption-title-letter-spacing:var(--h2_typography-letter-spacing);\"><span class=\" fusion-imageframe imageframe-none imageframe-6 hover-type-none\"><img decoding=\"async\" width=\"1024\" height=\"979\" title=\"vin6\" src=\"https:\/\/www.bestwestern-marseille-aeroport.com\/wp-content\/uploads\/2026\/04\/vin6-1024x979.jpg\" alt class=\"img-responsive wp-image-5083\" srcset=\"https:\/\/www.bestwestern-marseille-aeroport.com\/wp-content\/uploads\/2026\/04\/vin6-200x191.jpg 200w, https:\/\/www.bestwestern-marseille-aeroport.com\/wp-content\/uploads\/2026\/04\/vin6-400x382.jpg 400w, https:\/\/www.bestwestern-marseille-aeroport.com\/wp-content\/uploads\/2026\/04\/vin6-600x574.jpg 600w, https:\/\/www.bestwestern-marseille-aeroport.com\/wp-content\/uploads\/2026\/04\/vin6-800x765.jpg 800w, https:\/\/www.bestwestern-marseille-aeroport.com\/wp-content\/uploads\/2026\/04\/vin6-1200x1147.jpg 1200w\" sizes=\"(max-width: 1105px) 100vw, 1200px\" \/><\/span><\/div><div class=\"fusion-clearfix\"><\/div><\/div><\/div><\/div><\/div>\n","protected":false},"excerpt":{"rendered":"","protected":false},"author":1,"featured_media":0,"parent":0,"menu_order":0,"comment_status":"closed","ping_status":"closed","template":"","meta":{"footnotes":""},"class_list":["post-3115","page","type-page","status-publish","hentry"],"yoast_head":"<!-- This site is optimized with the Yoast SEO plugin v27.4 - https:\/\/yoast.com\/product\/yoast-seo-wordpress\/ -->\n<title>Drinks - H\u00f4tel Best Western Marseille A\u00e9roport<\/title>\n<meta name=\"robots\" content=\"index, follow, max-snippet:-1, max-image-preview:large, max-video-preview:-1\" \/>\n<link rel=\"canonical\" href=\"https:\/\/www.bestwestern-marseille-aeroport.com\/en\/drinks\/\" \/>\n<meta property=\"og:locale\" content=\"en_US\" \/>\n<meta property=\"og:type\" content=\"article\" \/>\n<meta property=\"og:title\" content=\"Drinks - H\u00f4tel Best Western Marseille A\u00e9roport\" \/>\n<meta property=\"og:url\" content=\"https:\/\/www.bestwestern-marseille-aeroport.com\/en\/drinks\/\" \/>\n<meta property=\"og:site_name\" content=\"H\u00f4tel Best Western Marseille A\u00e9roport\" \/>\n<meta property=\"article:modified_time\" content=\"2026-04-11T10:23:18+00:00\" \/>\n<meta name=\"twitter:card\" content=\"summary_large_image\" \/>\n<meta name=\"twitter:label1\" content=\"Est. reading time\" \/>\n\t<meta name=\"twitter:data1\" content=\"2 minutes\" \/>\n<script type=\"application\/ld+json\" class=\"yoast-schema-graph\">{\"@context\":\"https:\\\/\\\/schema.org\",\"@graph\":[{\"@type\":\"WebPage\",\"@id\":\"https:\\\/\\\/www.bestwestern-marseille-aeroport.com\\\/en\\\/drinks\\\/\",\"url\":\"https:\\\/\\\/www.bestwestern-marseille-aeroport.com\\\/en\\\/drinks\\\/\",\"name\":\"Drinks - H\u00f4tel Best Western Marseille A\u00e9roport\",\"isPartOf\":{\"@id\":\"https:\\\/\\\/www.bestwestern-marseille-aeroport.com\\\/#website\"},\"datePublished\":\"2020-05-27T20:59:07+00:00\",\"dateModified\":\"2026-04-11T10:23:18+00:00\",\"breadcrumb\":{\"@id\":\"https:\\\/\\\/www.bestwestern-marseille-aeroport.com\\\/en\\\/drinks\\\/#breadcrumb\"},\"inLanguage\":\"en-US\",\"potentialAction\":[{\"@type\":\"ReadAction\",\"target\":[\"https:\\\/\\\/www.bestwestern-marseille-aeroport.com\\\/en\\\/drinks\\\/\"]}]},{\"@type\":\"BreadcrumbList\",\"@id\":\"https:\\\/\\\/www.bestwestern-marseille-aeroport.com\\\/en\\\/drinks\\\/#breadcrumb\",\"itemListElement\":[{\"@type\":\"ListItem\",\"position\":1,\"name\":\"Accueil\",\"item\":\"https:\\\/\\\/www.bestwestern-marseille-aeroport.com\\\/en\\\/\"},{\"@type\":\"ListItem\",\"position\":2,\"name\":\"Drinks\"}]},{\"@type\":\"WebSite\",\"@id\":\"https:\\\/\\\/www.bestwestern-marseille-aeroport.com\\\/#website\",\"url\":\"https:\\\/\\\/www.bestwestern-marseille-aeroport.com\\\/\",\"name\":\"H\u00f4tel Best Western Marseille A\u00e9roport\",\"description\":\"H\u00f4tel - Restaurant - Seminaires\",\"potentialAction\":[{\"@type\":\"SearchAction\",\"target\":{\"@type\":\"EntryPoint\",\"urlTemplate\":\"https:\\\/\\\/www.bestwestern-marseille-aeroport.com\\\/?s={search_term_string}\"},\"query-input\":{\"@type\":\"PropertyValueSpecification\",\"valueRequired\":true,\"valueName\":\"search_term_string\"}}],\"inLanguage\":\"en-US\"}]}<\/script>\n<!-- \/ Yoast SEO plugin. -->","yoast_head_json":{"title":"Drinks - H\u00f4tel Best Western Marseille A\u00e9roport","robots":{"index":"index","follow":"follow","max-snippet":"max-snippet:-1","max-image-preview":"max-image-preview:large","max-video-preview":"max-video-preview:-1"},"canonical":"https:\/\/www.bestwestern-marseille-aeroport.com\/en\/drinks\/","og_locale":"en_US","og_type":"article","og_title":"Drinks - H\u00f4tel Best Western Marseille A\u00e9roport","og_url":"https:\/\/www.bestwestern-marseille-aeroport.com\/en\/drinks\/","og_site_name":"H\u00f4tel Best Western Marseille A\u00e9roport","article_modified_time":"2026-04-11T10:23:18+00:00","twitter_card":"summary_large_image","twitter_misc":{"Est. reading time":"2 minutes"},"schema":{"@context":"https:\/\/schema.org","@graph":[{"@type":"WebPage","@id":"https:\/\/www.bestwestern-marseille-aeroport.com\/en\/drinks\/","url":"https:\/\/www.bestwestern-marseille-aeroport.com\/en\/drinks\/","name":"Drinks - H\u00f4tel Best Western Marseille A\u00e9roport","isPartOf":{"@id":"https:\/\/www.bestwestern-marseille-aeroport.com\/#website"},"datePublished":"2020-05-27T20:59:07+00:00","dateModified":"2026-04-11T10:23:18+00:00","breadcrumb":{"@id":"https:\/\/www.bestwestern-marseille-aeroport.com\/en\/drinks\/#breadcrumb"},"inLanguage":"en-US","potentialAction":[{"@type":"ReadAction","target":["https:\/\/www.bestwestern-marseille-aeroport.com\/en\/drinks\/"]}]},{"@type":"BreadcrumbList","@id":"https:\/\/www.bestwestern-marseille-aeroport.com\/en\/drinks\/#breadcrumb","itemListElement":[{"@type":"ListItem","position":1,"name":"Accueil","item":"https:\/\/www.bestwestern-marseille-aeroport.com\/en\/"},{"@type":"ListItem","position":2,"name":"Drinks"}]},{"@type":"WebSite","@id":"https:\/\/www.bestwestern-marseille-aeroport.com\/#website","url":"https:\/\/www.bestwestern-marseille-aeroport.com\/","name":"H\u00f4tel Best Western Marseille A\u00e9roport","description":"H\u00f4tel - Restaurant - Seminaires","potentialAction":[{"@type":"SearchAction","target":{"@type":"EntryPoint","urlTemplate":"https:\/\/www.bestwestern-marseille-aeroport.com\/?s={search_term_string}"},"query-input":{"@type":"PropertyValueSpecification","valueRequired":true,"valueName":"search_term_string"}}],"inLanguage":"en-US"}]}},"_links":{"self":[{"href":"https:\/\/www.bestwestern-marseille-aeroport.com\/en\/wp-json\/wp\/v2\/pages\/3115","targetHints":{"allow":["GET"]}}],"collection":[{"href":"https:\/\/www.bestwestern-marseille-aeroport.com\/en\/wp-json\/wp\/v2\/pages"}],"about":[{"href":"https:\/\/www.bestwestern-marseille-aeroport.com\/en\/wp-json\/wp\/v2\/types\/page"}],"author":[{"embeddable":true,"href":"https:\/\/www.bestwestern-marseille-aeroport.com\/en\/wp-json\/wp\/v2\/users\/1"}],"replies":[{"embeddable":true,"href":"https:\/\/www.bestwestern-marseille-aeroport.com\/en\/wp-json\/wp\/v2\/comments?post=3115"}],"version-history":[{"count":17,"href":"https:\/\/www.bestwestern-marseille-aeroport.com\/en\/wp-json\/wp\/v2\/pages\/3115\/revisions"}],"predecessor-version":[{"id":5089,"href":"https:\/\/www.bestwestern-marseille-aeroport.com\/en\/wp-json\/wp\/v2\/pages\/3115\/revisions\/5089"}],"wp:attachment":[{"href":"https:\/\/www.bestwestern-marseille-aeroport.com\/en\/wp-json\/wp\/v2\/media?parent=3115"}],"curies":[{"name":"wp","href":"https:\/\/api.w.org\/{rel}","templated":true}]}}