{"id":2798,"date":"2020-05-18T15:51:24","date_gmt":"2020-05-18T14:51:24","guid":{"rendered":"https:\/\/www.bestwestern-marseille-aeroport.com\/home\/"},"modified":"2024-04-15T18:15:09","modified_gmt":"2024-04-15T17:15:09","slug":"home","status":"publish","type":"page","link":"https:\/\/www.bestwestern-marseille-aeroport.com\/en\/","title":{"rendered":"Home"},"content":{"rendered":"<div class=\"fusion-fullwidth fullwidth-box fusion-builder-row-1 nonhundred-percent-fullwidth non-hundred-percent-height-scrolling\" style=\"--awb-background-position:left top;--awb-border-sizes-top:0px;--awb-border-sizes-bottom:0px;--awb-border-sizes-left:0px;--awb-border-sizes-right:0px;--awb-border-radius-top-left:0px;--awb-border-radius-top-right:0px;--awb-border-radius-bottom-right:0px;--awb-border-radius-bottom-left:0px;--awb-padding-top:0px;--awb-padding-bottom:5px;--awb-flex-wrap:wrap;\" ><div class=\"fusion-builder-row fusion-row\"><div class=\"fusion-layout-column fusion_builder_column fusion-builder-column-0 fusion_builder_column_1_1 1_1 fusion-one-full fusion-column-first fusion-column-last fusion-column-no-min-height\" style=\"--awb-bg-size:cover;--awb-margin-bottom:0px;\"><div class=\"fusion-column-wrapper fusion-flex-column-wrapper-legacy\"><div class=\"fusion-reading-box-container reading-box-container-1 mpp-trigger-popup-2361\" style=\"--awb-title-color:#171717;--awb-margin-top:0px;--awb-margin-bottom:84px;\"><div class=\"reading-box reading-box-center\" style=\"background-color:#ffffff;border-width:1px;border-color:#ebeef1;border-top-width:3px;border-top-color:var(--primary_color);border-style:solid;\"><h2><strong><em>Welcome <\/em><\/strong> to the Best Western Marseille Airport<\/h2><div class=\"reading-box-description fusion-reading-box-additional\">Located only 500 meters from Marseille Provence Airport terminals in Marignane, the Best Western Marseille A\u00e9roport is the ideal place to combine work and leisure. Ideally located near the main economic hubs of Marseille and the Pays d'Aix, our property will also allow you to take advantage of all the amazing tourist sites that make Provence a unique region (calanques, landscapes of C\u00e9zanne, Lub\u00e9ron, Avignon, Camargue,...)<\/div><div class=\"fusion-clearfix\"><\/div><a class=\"button fusion-button button-default fusion-button-large button-large button-flat fusion-mobile-button continue-center\" style=\"-webkit-box-shadow:none;-moz-box-shadow:none;box-shadow:none;border-radius:  \" href=\"#\" target=\"_self\"><span>Book Now<\/span><\/a><\/div><\/div><div class=\"fusion-clearfix\"><\/div><\/div><\/div><\/div><\/div>\n","protected":false},"excerpt":{"rendered":"","protected":false},"author":1,"featured_media":0,"parent":0,"menu_order":0,"comment_status":"open","ping_status":"open","template":"100-width.php","meta":{"footnotes":""},"class_list":["post-2798","page","type-page","status-publish","hentry"],"yoast_head":"<!-- This site is optimized with the Yoast SEO plugin v27.4 - https:\/\/yoast.com\/product\/yoast-seo-wordpress\/ -->\n<title>Anglais Home - Best Western Marseille Airport - Hotel - Restaurant - Meeting<\/title>\n<meta name=\"description\" content=\"Best Western Marseille Airport is located in the very heart of Marseille Provence Airport, Restaurant, Bar, Meeting Rooms, Heated Pool, Fitness Room.\" \/>\n<meta name=\"robots\" content=\"index, follow, max-snippet:-1, max-image-preview:large, max-video-preview:-1\" \/>\n<link rel=\"canonical\" href=\"https:\/\/www.bestwestern-marseille-aeroport.com\/en\/\" \/>\n<meta property=\"og:locale\" content=\"en_US\" \/>\n<meta property=\"og:type\" content=\"article\" \/>\n<meta property=\"og:title\" content=\"Anglais Home - Best Western Marseille Airport - Hotel - Restaurant - Meeting\" \/>\n<meta property=\"og:description\" content=\"Best Western Marseille Airport is located in the very heart of Marseille Provence Airport, Restaurant, Bar, Meeting Rooms, Heated Pool, Fitness Room.\" \/>\n<meta property=\"og:url\" content=\"https:\/\/www.bestwestern-marseille-aeroport.com\/en\/\" \/>\n<meta property=\"og:site_name\" content=\"H\u00f4tel Best Western Marseille A\u00e9roport\" \/>\n<meta property=\"article:modified_time\" content=\"2024-04-15T17:15:09+00:00\" \/>\n<meta name=\"twitter:card\" content=\"summary_large_image\" \/>\n<meta name=\"twitter:label1\" content=\"Est. reading time\" \/>\n\t<meta name=\"twitter:data1\" content=\"1 minute\" \/>\n<script type=\"application\/ld+json\" class=\"yoast-schema-graph\">{\"@context\":\"https:\\\/\\\/schema.org\",\"@graph\":[{\"@type\":\"WebPage\",\"@id\":\"https:\\\/\\\/www.bestwestern-marseille-aeroport.com\\\/en\\\/\",\"url\":\"https:\\\/\\\/www.bestwestern-marseille-aeroport.com\\\/en\\\/\",\"name\":\"Anglais Home - Best Western Marseille Airport - Hotel - Restaurant - Meeting\",\"isPartOf\":{\"@id\":\"https:\\\/\\\/www.bestwestern-marseille-aeroport.com\\\/#website\"},\"datePublished\":\"2020-05-18T14:51:24+00:00\",\"dateModified\":\"2024-04-15T17:15:09+00:00\",\"description\":\"Best Western Marseille Airport is located in the very heart of Marseille Provence Airport, Restaurant, Bar, Meeting Rooms, Heated Pool, Fitness Room.\",\"breadcrumb\":{\"@id\":\"https:\\\/\\\/www.bestwestern-marseille-aeroport.com\\\/en\\\/#breadcrumb\"},\"inLanguage\":\"en-US\",\"potentialAction\":[{\"@type\":\"ReadAction\",\"target\":[\"https:\\\/\\\/www.bestwestern-marseille-aeroport.com\\\/en\\\/\"]}]},{\"@type\":\"BreadcrumbList\",\"@id\":\"https:\\\/\\\/www.bestwestern-marseille-aeroport.com\\\/en\\\/#breadcrumb\",\"itemListElement\":[{\"@type\":\"ListItem\",\"position\":1,\"name\":\"Accueil\",\"item\":\"https:\\\/\\\/www.bestwestern-marseille-aeroport.com\\\/en\\\/\"},{\"@type\":\"ListItem\",\"position\":2,\"name\":\"Home\"}]},{\"@type\":\"WebSite\",\"@id\":\"https:\\\/\\\/www.bestwestern-marseille-aeroport.com\\\/#website\",\"url\":\"https:\\\/\\\/www.bestwestern-marseille-aeroport.com\\\/\",\"name\":\"H\u00f4tel Best Western Marseille A\u00e9roport\",\"description\":\"H\u00f4tel - Restaurant - Seminaires\",\"potentialAction\":[{\"@type\":\"SearchAction\",\"target\":{\"@type\":\"EntryPoint\",\"urlTemplate\":\"https:\\\/\\\/www.bestwestern-marseille-aeroport.com\\\/?s={search_term_string}\"},\"query-input\":{\"@type\":\"PropertyValueSpecification\",\"valueRequired\":true,\"valueName\":\"search_term_string\"}}],\"inLanguage\":\"en-US\"}]}<\/script>\n<!-- \/ Yoast SEO plugin. -->","yoast_head_json":{"title":"Anglais Home - Best Western Marseille Airport - Hotel - Restaurant - Meeting","description":"Best Western Marseille Airport is located in the very heart of Marseille Provence Airport, Restaurant, Bar, Meeting Rooms, Heated Pool, Fitness Room.","robots":{"index":"index","follow":"follow","max-snippet":"max-snippet:-1","max-image-preview":"max-image-preview:large","max-video-preview":"max-video-preview:-1"},"canonical":"https:\/\/www.bestwestern-marseille-aeroport.com\/en\/","og_locale":"en_US","og_type":"article","og_title":"Anglais Home - Best Western Marseille Airport - Hotel - Restaurant - Meeting","og_description":"Best Western Marseille Airport is located in the very heart of Marseille Provence Airport, Restaurant, Bar, Meeting Rooms, Heated Pool, Fitness Room.","og_url":"https:\/\/www.bestwestern-marseille-aeroport.com\/en\/","og_site_name":"H\u00f4tel Best Western Marseille A\u00e9roport","article_modified_time":"2024-04-15T17:15:09+00:00","twitter_card":"summary_large_image","twitter_misc":{"Est. reading time":"1 minute"},"schema":{"@context":"https:\/\/schema.org","@graph":[{"@type":"WebPage","@id":"https:\/\/www.bestwestern-marseille-aeroport.com\/en\/","url":"https:\/\/www.bestwestern-marseille-aeroport.com\/en\/","name":"Anglais Home - Best Western Marseille Airport - Hotel - Restaurant - Meeting","isPartOf":{"@id":"https:\/\/www.bestwestern-marseille-aeroport.com\/#website"},"datePublished":"2020-05-18T14:51:24+00:00","dateModified":"2024-04-15T17:15:09+00:00","description":"Best Western Marseille Airport is located in the very heart of Marseille Provence Airport, Restaurant, Bar, Meeting Rooms, Heated Pool, Fitness Room.","breadcrumb":{"@id":"https:\/\/www.bestwestern-marseille-aeroport.com\/en\/#breadcrumb"},"inLanguage":"en-US","potentialAction":[{"@type":"ReadAction","target":["https:\/\/www.bestwestern-marseille-aeroport.com\/en\/"]}]},{"@type":"BreadcrumbList","@id":"https:\/\/www.bestwestern-marseille-aeroport.com\/en\/#breadcrumb","itemListElement":[{"@type":"ListItem","position":1,"name":"Accueil","item":"https:\/\/www.bestwestern-marseille-aeroport.com\/en\/"},{"@type":"ListItem","position":2,"name":"Home"}]},{"@type":"WebSite","@id":"https:\/\/www.bestwestern-marseille-aeroport.com\/#website","url":"https:\/\/www.bestwestern-marseille-aeroport.com\/","name":"H\u00f4tel Best Western Marseille A\u00e9roport","description":"H\u00f4tel - Restaurant - Seminaires","potentialAction":[{"@type":"SearchAction","target":{"@type":"EntryPoint","urlTemplate":"https:\/\/www.bestwestern-marseille-aeroport.com\/?s={search_term_string}"},"query-input":{"@type":"PropertyValueSpecification","valueRequired":true,"valueName":"search_term_string"}}],"inLanguage":"en-US"}]}},"_links":{"self":[{"href":"https:\/\/www.bestwestern-marseille-aeroport.com\/en\/wp-json\/wp\/v2\/pages\/2798","targetHints":{"allow":["GET"]}}],"collection":[{"href":"https:\/\/www.bestwestern-marseille-aeroport.com\/en\/wp-json\/wp\/v2\/pages"}],"about":[{"href":"https:\/\/www.bestwestern-marseille-aeroport.com\/en\/wp-json\/wp\/v2\/types\/page"}],"author":[{"embeddable":true,"href":"https:\/\/www.bestwestern-marseille-aeroport.com\/en\/wp-json\/wp\/v2\/users\/1"}],"replies":[{"embeddable":true,"href":"https:\/\/www.bestwestern-marseille-aeroport.com\/en\/wp-json\/wp\/v2\/comments?post=2798"}],"version-history":[{"count":8,"href":"https:\/\/www.bestwestern-marseille-aeroport.com\/en\/wp-json\/wp\/v2\/pages\/2798\/revisions"}],"predecessor-version":[{"id":3851,"href":"https:\/\/www.bestwestern-marseille-aeroport.com\/en\/wp-json\/wp\/v2\/pages\/2798\/revisions\/3851"}],"wp:attachment":[{"href":"https:\/\/www.bestwestern-marseille-aeroport.com\/en\/wp-json\/wp\/v2\/media?parent=2798"}],"curies":[{"name":"wp","href":"https:\/\/api.w.org\/{rel}","templated":true}]}}